{"id":10,"date":"2015-12-26T13:19:00","date_gmt":"2015-12-26T11:19:00","guid":{"rendered":"http:\/\/schmedes.localhost\/?page_id=10"},"modified":"2024-06-15T16:34:06","modified_gmt":"2024-06-15T15:34:06","slug":"start","status":"publish","type":"page","link":"http:\/\/hutmoden-schmedes.de\/","title":{"rendered":"Wir sagen Danke f\u00fcr die jahrelange treue Kundschaft."},"content":{"rendered":"\n\n\n<p><img decoding=\"async\" loading=\"lazy\" class=\"alignnone wp-image-633 size-large\" src=\"http:\/\/hutmoden-schmedes.de\/wp-content\/uploads\/2024\/05\/IMG_0489-701x1024.jpeg\" alt=\"\" width=\"640\" height=\"935\" srcset=\"http:\/\/hutmoden-schmedes.de\/wp-content\/uploads\/2024\/05\/IMG_0489-701x1024.jpeg 701w, http:\/\/hutmoden-schmedes.de\/wp-content\/uploads\/2024\/05\/IMG_0489-205x300.jpeg 205w, http:\/\/hutmoden-schmedes.de\/wp-content\/uploads\/2024\/05\/IMG_0489-768x1122.jpeg 768w, http:\/\/hutmoden-schmedes.de\/wp-content\/uploads\/2024\/05\/IMG_0489-1051x1536.jpeg 1051w, http:\/\/hutmoden-schmedes.de\/wp-content\/uploads\/2024\/05\/IMG_0489-450x658.jpeg 450w, http:\/\/hutmoden-schmedes.de\/wp-content\/uploads\/2024\/05\/IMG_0489-600x877.jpeg 600w, http:\/\/hutmoden-schmedes.de\/wp-content\/uploads\/2024\/05\/IMG_0489.jpeg 1170w\" sizes=\"(max-width: 640px) 100vw, 640px\" \/><\/p>\n<p>Sehr geehrte Kunden,<\/p>\n<p>heute war also der letzte Tag. Ich habe mich \u00fcber die zahlreichen Besuche anl\u00e4sslich meiner Gesch\u00e4ftsaufgabe sehr gefreut.<\/p>\n<p><span style=\"font-size: revert; color: initial;\">Ihre Brigitte Fr\u00e4nzer und das Team von Hutmoden-Schmedes.<\/span><\/p>\n<p>\u00a0<\/p>\n<p>\u00a0<\/p>\n<div class=\"et_pb_module et_pb_text et_pb_text_0  et_pb_text_align_left et_pb_bg_layout_light\">\n<div class=\"et_pb_text_inner\">\u00a0<\/div>\n<\/div>\n<div class=\"et_pb_module et_pb_text et_pb_text_1  et_pb_text_align_left et_pb_bg_layout_light\">\n<div class=\"et_pb_text_inner\">\n<p>\u00a0<\/p>\n<\/div>\n<\/div>\n","protected":false},"excerpt":{"rendered":"<p>Sehr geehrte Kunden, heute war also der letzte Tag. Ich habe mich \u00fcber die zahlreichen Besuche anl\u00e4sslich meiner Gesch\u00e4ftsaufgabe sehr gefreut. Ihre Brigitte Fr\u00e4nzer und das Team von Hutmoden-Schmedes. \u00a0 [&hellip;]<\/p>\n","protected":false},"author":3,"featured_media":0,"parent":0,"menu_order":0,"comment_status":"closed","ping_status":"closed","template":"","meta":[],"_links":{"self":[{"href":"http:\/\/hutmoden-schmedes.de\/index.php\/wp-json\/wp\/v2\/pages\/10"}],"collection":[{"href":"http:\/\/hutmoden-schmedes.de\/index.php\/wp-json\/wp\/v2\/pages"}],"about":[{"href":"http:\/\/hutmoden-schmedes.de\/index.php\/wp-json\/wp\/v2\/types\/page"}],"author":[{"embeddable":true,"href":"http:\/\/hutmoden-schmedes.de\/index.php\/wp-json\/wp\/v2\/users\/3"}],"replies":[{"embeddable":true,"href":"http:\/\/hutmoden-schmedes.de\/index.php\/wp-json\/wp\/v2\/comments?post=10"}],"version-history":[{"count":77,"href":"http:\/\/hutmoden-schmedes.de\/index.php\/wp-json\/wp\/v2\/pages\/10\/revisions"}],"predecessor-version":[{"id":640,"href":"http:\/\/hutmoden-schmedes.de\/index.php\/wp-json\/wp\/v2\/pages\/10\/revisions\/640"}],"wp:attachment":[{"href":"http:\/\/hutmoden-schmedes.de\/index.php\/wp-json\/wp\/v2\/media?parent=10"}],"curies":[{"name":"wp","href":"https:\/\/api.w.org\/{rel}","templated":true}]}}