{"id":39,"date":"2015-12-26T12:15:41","date_gmt":"2015-12-26T12:15:41","guid":{"rendered":"http:\/\/schmedes.localhost\/?page_id=39"},"modified":"2015-12-29T15:50:32","modified_gmt":"2015-12-29T15:50:32","slug":"unsere-geschichte","status":"publish","type":"page","link":"http:\/\/hutmoden-schmedes.de\/index.php\/unsere-geschichte\/","title":{"rendered":"Unsere Geschichte"},"content":{"rendered":"<p><img decoding=\"async\" loading=\"lazy\" class=\"alignleft wp-image-59\" src=\"http:\/\/hutmoden-schmedes.de\/wp-content\/uploads\/2015\/12\/schmedes.png\" alt=\"August Schmedes\" width=\"239\" height=\"320\" \/>Im Jahr 1881 gr\u00fcndeten die Kaufm\u00e4nner August Schmedes (geb. 06.02.1852) und Wilhelm Sporing die Firma Schmedes und Sporing \u201eWei\u00df und Modewaren\u201c mit Gesch\u00e4ftssitz in der Salzstr.54. Ab 1886 f\u00fchrte August Schmedes die Firmengesch\u00e4fte alleine fort.<\/p>\n<p>Der Firmensitz wurde im darrauffolgenden Jahr zum Prinzipalmarkt 20 verlegt, eine zweite Filiale er\u00f6ffnete man im Jahr 1892 auf der Salzstr. 39. Bis heute befindet sich die Firma Schmedes auf der Salzstr.36, wo sie seit 1902 ans\u00e4ssig ist. Nach August Schmedes Tod im Jahr 1914 leitete seine Frau Antonia die Gesch\u00e4fte, bis ihr Sohn Richard im Jahr 1926 die Firma \u00fcbernahm. Da im Jahr 1944 die Gesch\u00e4ftsr\u00e4ume den Bomben des 2.Weltkrieges zum Opfer fielen wurde ein behelfsm\u00e4\u00dfiges Atelier auf dem Nordplatz 2 eingerichtet. salzstr_bombMan zog von dort zur Coerdestr.17 und sp\u00e4ter zur Gertrudenstr.9, bis die Firma nach dem Wiederaufbau der H\u00fcfferschen H\u00e4user letztendlich wieder an alter Stelle, n\u00e4mlich Salzstr. 3<img decoding=\"async\" loading=\"lazy\" class=\"alignright wp-image-60\" src=\"http:\/\/hutmoden-schmedes.de\/wp-content\/uploads\/2015\/12\/salzstrasse.png\" alt=\"Zerst\u00f6rte Salzstra\u00dfe\" width=\"183\" height=\"240\" \/>6 die neuen Gesch\u00e4ftsr\u00e4ume beziehen konnte.<\/p>\n<p>Nach Richard Schmedes Tod im Jahr 1962 \u00fcbernahm Maria Herkt nach abgelegter Meisterpr\u00fcfung die Firma. Seit Januar 2001 befindet sich Frau Herkt im Ruhestand und ihre Nichte die Modistenmeisterin Brigitte Fr\u00e4nzer f\u00fchrt das Traditionsunternehmen mit erfolgreicher Hand fort. Hutmoden Schmedes ist einer der \u00e4ltesten m\u00fcnsteraner Betriebe und mittlerweile (leider) das einzige Hutmodenfachgesch\u00e4ft und anerkannter Ausbildungsbetrieb f\u00fcr ModistInnen in der ganzen Stadt M\u00fcnster. Der Betrieb darf namhafte Personen aus dem In- und Ausland zu seinen Stammkunden z\u00e4hlen und ist mit seinen ateliergefertigten Kreationen international vertreten.<\/p>\n","protected":false},"excerpt":{"rendered":"<p>Im Jahr 1881 gr\u00fcndeten die Kaufm\u00e4nner August Schmedes (geb. 06.02.1852) und Wilhelm Sporing die Firma Schmedes und Sporing \u201eWei\u00df und Modewaren\u201c mit Gesch\u00e4ftssitz in der Salzstr.54. Ab 1886 f\u00fchrte August [&hellip;]<\/p>\n","protected":false},"author":4,"featured_media":0,"parent":0,"menu_order":0,"comment_status":"closed","ping_status":"closed","template":"","meta":[],"_links":{"self":[{"href":"http:\/\/hutmoden-schmedes.de\/index.php\/wp-json\/wp\/v2\/pages\/39"}],"collection":[{"href":"http:\/\/hutmoden-schmedes.de\/index.php\/wp-json\/wp\/v2\/pages"}],"about":[{"href":"http:\/\/hutmoden-schmedes.de\/index.php\/wp-json\/wp\/v2\/types\/page"}],"author":[{"embeddable":true,"href":"http:\/\/hutmoden-schmedes.de\/index.php\/wp-json\/wp\/v2\/users\/4"}],"replies":[{"embeddable":true,"href":"http:\/\/hutmoden-schmedes.de\/index.php\/wp-json\/wp\/v2\/comments?post=39"}],"version-history":[{"count":4,"href":"http:\/\/hutmoden-schmedes.de\/index.php\/wp-json\/wp\/v2\/pages\/39\/revisions"}],"predecessor-version":[{"id":102,"href":"http:\/\/hutmoden-schmedes.de\/index.php\/wp-json\/wp\/v2\/pages\/39\/revisions\/102"}],"wp:attachment":[{"href":"http:\/\/hutmoden-schmedes.de\/index.php\/wp-json\/wp\/v2\/media?parent=39"}],"curies":[{"name":"wp","href":"https:\/\/api.w.org\/{rel}","templated":true}]}}